{"id":161,"date":"2011-01-12T05:37:10","date_gmt":"2011-01-12T04:37:10","guid":{"rendered":"http:\/\/www.smtec.net\/new\/"},"modified":"2019-06-11T10:08:55","modified_gmt":"2019-06-11T08:08:55","slug":"altitrainer-case-studies","status":"publish","type":"page","link":"https:\/\/www.smtec.net\/en\/products\/altitrainer\/altitrainer-case-studies\/","title":{"rendered":"AltiTrainer: case studies"},"content":{"rendered":"<h2>Medical Research<\/h2>\n<p><img loading=\"lazy\" decoding=\"async\" class=\"alignleft size-medium wp-image-772\" src=\"http:\/\/www.smtec.net\/en\/wp-content\/uploads\/2019\/04\/laboratoire-300x210.jpg\" alt=\"\" width=\"300\" height=\"210\" srcset=\"https:\/\/www.smtec.net\/en\/wp-content\/uploads\/2019\/04\/laboratoire-300x210.jpg 300w, https:\/\/www.smtec.net\/en\/wp-content\/uploads\/2019\/04\/laboratoire.jpg 400w\" sizes=\"auto, (max-width: 300px) 100vw, 300px\" \/><\/p>\n<p>Exposure to high altitude environment causes reactions in the body. The set of health problems related to altitude is the subject of ongoing research.<\/p>\n<p>Here in the Research Unit of Dr. Favre-Juvin in the South Hospital of Grenoble-France, the patient is connected to a Altitrainer up to an altitude of 4500 meters. A dozen sensors continuously analyze the main physiological parameters (SaO2, heart rate, respiratory parameters, etc \u2026).<\/p>\n<p>The versatility of the Altitrainer configures appropriate tests for patients and research safely.<\/p>\n<h2>An expedition or a trecking well prepared<\/h2>\n<p><img loading=\"lazy\" decoding=\"async\" class=\"alignright size-medium wp-image-774\" src=\"http:\/\/www.smtec.net\/en\/wp-content\/uploads\/2019\/04\/everest1-300x200.jpg\" alt=\"\" width=\"300\" height=\"200\" \/><\/p>\n<p>In 2003, a French expedition celebrate the first ascent of Mount Everest. Jean Michel Asselin -the leader \u2013 used\u00a0 Altitrainer to prepare this adventure. This specific training has been carried out during 6 weeks in the \u00ab\u00a0Hopital Sud\u00a0\u00bb of Grenoble under the supervision of DR Favre-Juvin. The Altitrainer\u2019s protocols showed that after two weeks\u2026<\/p>\n<p><a href=\"http:\/\/www.k2news.com\/everestnews3\/everest50dis2.htm\" target=\"_blank\" rel=\"noopener noreferrer\">http:\/\/www.k2news.com\/everestnews3\/everest50dis2.htm<\/a><\/p>\n<h3>Dispatch of Jean-Michel Asselin<\/h3>\n<p>Dispatch of JMA from the daily book: {\u00ab Vendredi 4 avril, journ\u00e9e d\u2019acclimatation \u00e0 Pheriche, \u00e0 4300 m d\u2019altitude. Tout le monde va bien, il fait tr\u00e8s beau avec beaucoup de vent, ce qui n\u2019a pas d\u00e9courag\u00e9 certains de partir faire un tour sur la montagne pour stimuler leur acclimatation. Jean-Michel est ravi, ses efforts de pr\u00e9paration sous Altitrainer semblent payer : sa saturation en oxyg\u00e8ne atteint les 95 %, ce qui est tr\u00e8s proche de la normale sous nos latitudes\u2026. \u00bb}<\/p>\n<h2>Simulated altitude training<\/h2>\n<p><img loading=\"lazy\" decoding=\"async\" class=\"alignleft size-medium wp-image-775\" src=\"http:\/\/www.smtec.net\/en\/wp-content\/uploads\/2019\/04\/macowen-177x300.jpg\" alt=\"\" width=\"177\" height=\"300\" \/><\/p>\n<p>Simulated altitude training with regeneration in plain is now possible with AltiTrainer200 \u00ae. With AltiTrainer 200\u00ae it\u2019s possible to simulate the altitudes up to 5500m above the sea level. With AltiTrainer 200\u00ae it\u2019s possible to train the subjects to intensive training in hypoxia conditions with ventilatory flows up to 200l\/min.<\/p>\n<p>The training in hypoxia with AltiTrainer 200\u00ae lends itself to all the sporting practices with training on stationary apparatuses, which they are treadmills, ergometric bicycles or rowing machines\u2026<\/p>\n<p>AltiTrainer 200\u00ae is a new alternative able to set stimuli during the training to increase the performance positively, as well in phase of pre-competition as in competition.<\/p>\n<p><a title=\"Bibliographie\" href=\"http:\/\/www.smtec.net\/en\/products\/altitrainer\/bibliography-altitrainer\">See bibliography<\/a><br \/>\n<a title=\"L\u2019altitude et le sport\" href=\"http:\/\/www.smtec.net\/en\/sport-altitude\">See article &#8220;Sport &amp; altitude&#8221;<\/a><\/p>\n","protected":false},"excerpt":{"rendered":"<p>Medical Research Exposure to high altitude environment causes reactions in the body. The set of health problems related to altitude is the subject of ongoing research. Here in the Research Unit of Dr. Favre-Juvin in the South Hospital of Grenoble-France, the patient is connected to a Altitrainer up to an altitude of 4500 meters. A [&hellip;]<\/p>\n","protected":false},"author":1,"featured_media":0,"parent":36,"menu_order":0,"comment_status":"closed","ping_status":"closed","template":"","meta":{"_genesis_hide_title":false,"_genesis_hide_breadcrumbs":false,"_genesis_hide_singular_image":false,"_genesis_hide_footer_widgets":false,"_genesis_custom_body_class":"","_genesis_custom_post_class":"","_genesis_layout":"","footnotes":""},"class_list":{"0":"post-161","1":"page","2":"type-page","3":"status-publish","5":"entry"},"featured_image_src":null,"featured_image_src_square":null,"_links":{"self":[{"href":"https:\/\/www.smtec.net\/en\/wp-json\/wp\/v2\/pages\/161","targetHints":{"allow":["GET"]}}],"collection":[{"href":"https:\/\/www.smtec.net\/en\/wp-json\/wp\/v2\/pages"}],"about":[{"href":"https:\/\/www.smtec.net\/en\/wp-json\/wp\/v2\/types\/page"}],"author":[{"embeddable":true,"href":"https:\/\/www.smtec.net\/en\/wp-json\/wp\/v2\/users\/1"}],"replies":[{"embeddable":true,"href":"https:\/\/www.smtec.net\/en\/wp-json\/wp\/v2\/comments?post=161"}],"version-history":[{"count":6,"href":"https:\/\/www.smtec.net\/en\/wp-json\/wp\/v2\/pages\/161\/revisions"}],"predecessor-version":[{"id":937,"href":"https:\/\/www.smtec.net\/en\/wp-json\/wp\/v2\/pages\/161\/revisions\/937"}],"up":[{"embeddable":true,"href":"https:\/\/www.smtec.net\/en\/wp-json\/wp\/v2\/pages\/36"}],"wp:attachment":[{"href":"https:\/\/www.smtec.net\/en\/wp-json\/wp\/v2\/media?parent=161"}],"curies":[{"name":"wp","href":"https:\/\/api.w.org\/{rel}","templated":true}]}}