{"id":150,"date":"2011-01-12T05:23:26","date_gmt":"2011-01-12T05:23:26","guid":{"rendered":"http:\/\/www.smtec.net\/new\/"},"modified":"2019-07-05T15:31:02","modified_gmt":"2019-07-05T13:31:02","slug":"clients","status":"publish","type":"page","link":"https:\/\/www.smtec.net\/en\/about\/clients\/","title":{"rendered":"Clients"},"content":{"rendered":"\n<p>SMTEC is at your service in 22 countries on 5 continents. Some of our principal customers are:<\/p>\n\n\n\n<h2 class=\"wp-block-heading\">Hospitals<\/h2>\n\n\n\n<ul class=\"wp-block-list\"><li>HUG, H\u00f4pitaux Universitaires de Gen\u00e8ve, Suisse<\/li><li>CHUV, Centre Hopitaliers Universitaires Vaudois, Lausanne, Suisse<\/li><li>Centre M\u00e9dical de Cressy, Gen\u00e8ve, Suisse<\/li><li>H\u00f4pital Universitaire de Zurich, Suisse<\/li><li>CHU, Grenoble, France<\/li><li>H\u00f4pital Avicenne, Paris,&nbsp;France<\/li><li>H\u00f4pital Pompidou, Paris,&nbsp;France<\/li><li>CHU, Caen,&nbsp;France<\/li><li>CHU, Nantes,&nbsp;France<\/li><li>CHU, Toulouse,&nbsp;France<\/li><li>H\u00f4pital Civil, Strasbourg,&nbsp;France<\/li><li>H\u00f4pital Cataluna, Barcelone, Espagne<\/li><li>CH Jolimont, La Louvi\u00e8re, Belgique<\/li><\/ul>\n\n\n\n<h2 class=\"wp-block-heading\">Research Centres &amp; Universities<\/h2>\n\n\n\n<ul class=\"wp-block-list\"><li>D\u00e9partement d&#8217;Anatomie, Universit\u00e9 de Berne, Suisse<\/li><li>Centre M\u00e9dical Olympique Suisse, Nottwill, Suisse<\/li><li>Universit\u00e9 McGill, Montr\u00e9al, Canada<\/li><li>Universit\u00e9 de Calgary, Canada<\/li><li>Universit\u00e9 Grenoble Alpes, France<\/li><li>ENSA, Chamonix, France<\/li><li>Universit\u00e9 de Paris XIII, France<\/li><li>Centre de recherche &#8211; INSERM, Evry, France<\/li><li>Universit\u00e9 de Madrid, Espagne<\/li><li>Centre de recherche a\u00e9rospatiale, Danemark<\/li><li>Universit\u00e9 de Sao Paulo, Br\u00e9sil<\/li><li>Centre de recherches de S\u00e9oul, Cor\u00e9e du Sud<\/li><li>Universit\u00e9 de Macau, Macau<\/li><li>Royal Prince Alfred Hospital, Sydney, Australie<\/li><li>Universit\u00e9 de Glamorgan, Pontypridd, Grande-Bretagne<\/li><li>Universit\u00e9 de Gloucestershire, Cheltenham, Grande-Bretagne<\/li><li>Universit\u00e9 de Brunel, Uxbridge, Grande-Bretagne<\/li><\/ul>\n\n\n\n<h2 class=\"wp-block-heading\">Sports Centres<\/h2>\n\n\n\n<ul class=\"wp-block-list\"><li>Centre sportif de Bilbao, Espagne<\/li><li>Centre sportif de Hondarribia, Espagne<\/li><li>Centre sportif de Villareal, Portugal<\/li><li>Centre sportif de Turin, Italie<\/li><li>Centre sportif de Brisbane, Australie<\/li><li>Centre sportif de Mensana, Belgique<\/li><\/ul>\n","protected":false},"excerpt":{"rendered":"<p>SMTEC is at your service in 22 countries on 5 continents. Some of our principal customers are: Hospitals HUG, H\u00f4pitaux Universitaires de Gen\u00e8ve, Suisse CHUV, Centre Hopitaliers Universitaires Vaudois, Lausanne, Suisse Centre M\u00e9dical de Cressy, Gen\u00e8ve, Suisse H\u00f4pital Universitaire de Zurich, Suisse CHU, Grenoble, France H\u00f4pital Avicenne, Paris,&nbsp;France H\u00f4pital Pompidou, Paris,&nbsp;France CHU, Caen,&nbsp;France CHU, Nantes,&nbsp;France [&hellip;]<\/p>\n","protected":false},"author":1,"featured_media":0,"parent":555,"menu_order":6,"comment_status":"closed","ping_status":"closed","template":"","meta":{"_genesis_hide_title":false,"_genesis_hide_breadcrumbs":false,"_genesis_hide_singular_image":false,"_genesis_hide_footer_widgets":false,"_genesis_custom_body_class":"","_genesis_custom_post_class":"","_genesis_layout":"","footnotes":""},"class_list":{"0":"post-150","1":"page","2":"type-page","3":"status-publish","5":"entry"},"featured_image_src":null,"featured_image_src_square":null,"_links":{"self":[{"href":"https:\/\/www.smtec.net\/en\/wp-json\/wp\/v2\/pages\/150","targetHints":{"allow":["GET"]}}],"collection":[{"href":"https:\/\/www.smtec.net\/en\/wp-json\/wp\/v2\/pages"}],"about":[{"href":"https:\/\/www.smtec.net\/en\/wp-json\/wp\/v2\/types\/page"}],"author":[{"embeddable":true,"href":"https:\/\/www.smtec.net\/en\/wp-json\/wp\/v2\/users\/1"}],"replies":[{"embeddable":true,"href":"https:\/\/www.smtec.net\/en\/wp-json\/wp\/v2\/comments?post=150"}],"version-history":[{"count":5,"href":"https:\/\/www.smtec.net\/en\/wp-json\/wp\/v2\/pages\/150\/revisions"}],"predecessor-version":[{"id":1020,"href":"https:\/\/www.smtec.net\/en\/wp-json\/wp\/v2\/pages\/150\/revisions\/1020"}],"up":[{"embeddable":true,"href":"https:\/\/www.smtec.net\/en\/wp-json\/wp\/v2\/pages\/555"}],"wp:attachment":[{"href":"https:\/\/www.smtec.net\/en\/wp-json\/wp\/v2\/media?parent=150"}],"curies":[{"name":"wp","href":"https:\/\/api.w.org\/{rel}","templated":true}]}}